{"id":144,"date":"2018-05-08T07:58:29","date_gmt":"2018-05-08T10:58:29","guid":{"rendered":"http:\/\/www.arteiras.com.br\/novo\/?page_id=144"},"modified":"2025-12-01T10:49:04","modified_gmt":"2025-12-01T13:49:04","slug":"sala-de-imprensa","status":"publish","type":"page","link":"https:\/\/arteirascomunicacao.com.br\/en\/sala-de-imprensa\/","title":{"rendered":"Sala de Imprensa"},"content":{"rendered":"<div data-elementor-type=\"wp-page\" data-elementor-id=\"144\" class=\"elementor elementor-144\" data-elementor-post-type=\"page\">\n\t\t\t\t\t\t<section class=\"elementor-section elementor-top-section elementor-element elementor-element-0515fa3 elementor-section-full_width elementor-section-height-default elementor-section-height-default\" data-id=\"0515fa3\" data-element_type=\"section\" data-e-type=\"section\" data-settings=\"{&quot;background_background&quot;:&quot;classic&quot;}\">\n\t\t\t\t\t\t<div class=\"elementor-container elementor-column-gap-default\">\n\t\t\t\t\t<div class=\"elementor-column elementor-col-100 elementor-top-column elementor-element elementor-element-ffad560\" data-id=\"ffad560\" data-element_type=\"column\" data-e-type=\"column\">\n\t\t\t<div class=\"elementor-widget-wrap elementor-element-populated\">\n\t\t\t\t\t\t<div class=\"elementor-element elementor-element-a8cfa4a elementor-widget elementor-widget-heading\" data-id=\"a8cfa4a\" data-element_type=\"widget\" data-e-type=\"widget\" data-widget_type=\"heading.default\">\n\t\t\t\t\t<h2 class=\"elementor-heading-title elementor-size-default\">Sala de Imprensa<\/h2>\t\t\t\t<\/div>\n\t\t\t\t\t<\/div>\n\t\t<\/div>\n\t\t\t\t\t<\/div>\n\t\t<\/section>\n\t\t\t\t<section class=\"elementor-section elementor-top-section elementor-element elementor-element-93b81fb elementor-section-boxed elementor-section-height-default elementor-section-height-default\" data-id=\"93b81fb\" data-element_type=\"section\" data-e-type=\"section\">\n\t\t\t\t\t\t<div class=\"elementor-container elementor-column-gap-default\">\n\t\t\t\t\t<div class=\"elementor-column elementor-col-100 elementor-top-column elementor-element elementor-element-1a33f4d\" data-id=\"1a33f4d\" data-element_type=\"column\" data-e-type=\"column\">\n\t\t\t<div class=\"elementor-widget-wrap elementor-element-populated\">\n\t\t\t\t\t\t<div class=\"elementor-element elementor-element-27753d7 elementor-grid-3 elementor-grid-tablet-2 elementor-grid-mobile-1 elementor-posts--thumbnail-top elementor-card-shadow-yes elementor-posts__hover-gradient elementor-widget elementor-widget-posts\" data-id=\"27753d7\" data-element_type=\"widget\" data-e-type=\"widget\" data-settings=\"{&quot;pagination_type&quot;:&quot;load_more_infinite_scroll&quot;,&quot;cards_columns&quot;:&quot;3&quot;,&quot;cards_columns_tablet&quot;:&quot;2&quot;,&quot;cards_columns_mobile&quot;:&quot;1&quot;,&quot;cards_row_gap&quot;:{&quot;unit&quot;:&quot;px&quot;,&quot;size&quot;:35,&quot;sizes&quot;:[]},&quot;cards_row_gap_tablet&quot;:{&quot;unit&quot;:&quot;px&quot;,&quot;size&quot;:&quot;&quot;,&quot;sizes&quot;:[]},&quot;cards_row_gap_mobile&quot;:{&quot;unit&quot;:&quot;px&quot;,&quot;size&quot;:&quot;&quot;,&quot;sizes&quot;:[]},&quot;load_more_spinner&quot;:{&quot;value&quot;:&quot;fas fa-spinner&quot;,&quot;library&quot;:&quot;fa-solid&quot;}}\" data-widget_type=\"posts.cards\">\n\t\t\t\t<div class=\"elementor-widget-container\">\n\t\t\t\t\t\t\t<div class=\"elementor-posts-container elementor-posts elementor-posts--skin-cards elementor-grid\" role=\"list\">\n\t\t\t\t<article class=\"elementor-post elementor-grid-item post-21194 post type-post status-publish format-standard has-post-thumbnail hentry category-shopping-jardim-guadalupe\" role=\"listitem\">\n\t\t\t<div class=\"elementor-post__card\">\n\t\t\t\t<a class=\"elementor-post__thumbnail__link\" href=\"https:\/\/arteirascomunicacao.com.br\/en\/quintal-do-guada-agita-as-noites-do-shopping-jardim-guadalupe-com-muita-musica\/\" tabindex=\"-1\" ><div class=\"elementor-post__thumbnail\"><img fetchpriority=\"high\" decoding=\"async\" width=\"200\" height=\"300\" src=\"https:\/\/arteirascomunicacao.com.br\/wp-content\/uploads\/2026\/02\/Dudu-Santos-200x300.jpg\" class=\"attachment-medium size-medium wp-image-21197\" alt=\"\" srcset=\"https:\/\/arteirascomunicacao.com.br\/wp-content\/uploads\/2026\/02\/Dudu-Santos-200x300.jpg 200w, https:\/\/arteirascomunicacao.com.br\/wp-content\/uploads\/2026\/02\/Dudu-Santos-682x1024.jpg 682w, https:\/\/arteirascomunicacao.com.br\/wp-content\/uploads\/2026\/02\/Dudu-Santos-768x1152.jpg 768w, https:\/\/arteirascomunicacao.com.br\/wp-content\/uploads\/2026\/02\/Dudu-Santos-1024x1536.jpg 1024w, https:\/\/arteirascomunicacao.com.br\/wp-content\/uploads\/2026\/02\/Dudu-Santos-1365x2048.jpg 1365w, https:\/\/arteirascomunicacao.com.br\/wp-content\/uploads\/2026\/02\/Dudu-Santos-8x12.jpg 8w, https:\/\/arteirascomunicacao.com.br\/wp-content\/uploads\/2026\/02\/Dudu-Santos-scaled.jpg 1706w\" sizes=\"(max-width: 200px) 100vw, 200px\" \/><\/div><\/a>\n\t\t\t\t<div class=\"elementor-post__badge\">Shopping Jardim Guadalupe<\/div>\n\t\t\t\t<div class=\"elementor-post__text\">\n\t\t\t\t<h3 class=\"elementor-post__title\">\n\t\t\t<a href=\"https:\/\/arteirascomunicacao.com.br\/en\/quintal-do-guada-agita-as-noites-do-shopping-jardim-guadalupe-com-muita-musica\/\" >\n\t\t\t\t\u201cQuintal do Guada\u201d agita as noites do Shopping Jardim Guadalupe com muita m\u00fasica\t\t\t<\/a>\n\t\t<\/h3>\n\t\t\t\t<\/div>\n\t\t\t\t<div class=\"elementor-post__meta-data\">\n\t\t\t\t\t<span class=\"elementor-post-date\">\n\t\t\tFeb\/2026\t\t<\/span>\n\t\t\t\t<\/div>\n\t\t\t\t\t<\/div>\n\t\t<\/article>\n\t\t\t\t<article class=\"elementor-post elementor-grid-item post-21190 post type-post status-publish format-standard has-post-thumbnail hentry category-irelgov\" role=\"listitem\">\n\t\t\t<div class=\"elementor-post__card\">\n\t\t\t\t<a class=\"elementor-post__thumbnail__link\" href=\"https:\/\/arteirascomunicacao.com.br\/en\/mariana-chaimovich-assume-diretoria-executiva-do-irelgov\/\" tabindex=\"-1\" ><div class=\"elementor-post__thumbnail\"><img decoding=\"async\" width=\"300\" height=\"200\" src=\"https:\/\/arteirascomunicacao.com.br\/wp-content\/uploads\/2026\/02\/MARIANA-CHAIMOVICH.jpeg-3-e1772128132521-300x200.jpeg\" class=\"attachment-medium size-medium wp-image-21191\" alt=\"\" srcset=\"https:\/\/arteirascomunicacao.com.br\/wp-content\/uploads\/2026\/02\/MARIANA-CHAIMOVICH.jpeg-3-e1772128132521-300x200.jpeg 300w, https:\/\/arteirascomunicacao.com.br\/wp-content\/uploads\/2026\/02\/MARIANA-CHAIMOVICH.jpeg-3-e1772128132521-1024x682.jpeg 1024w, https:\/\/arteirascomunicacao.com.br\/wp-content\/uploads\/2026\/02\/MARIANA-CHAIMOVICH.jpeg-3-e1772128132521-768x512.jpeg 768w, https:\/\/arteirascomunicacao.com.br\/wp-content\/uploads\/2026\/02\/MARIANA-CHAIMOVICH.jpeg-3-e1772128132521-18x12.jpeg 18w, https:\/\/arteirascomunicacao.com.br\/wp-content\/uploads\/2026\/02\/MARIANA-CHAIMOVICH.jpeg-3-e1772128132521.jpeg 1045w\" sizes=\"(max-width: 300px) 100vw, 300px\" \/><\/div><\/a>\n\t\t\t\t<div class=\"elementor-post__badge\">Irelgov<\/div>\n\t\t\t\t<div class=\"elementor-post__text\">\n\t\t\t\t<h3 class=\"elementor-post__title\">\n\t\t\t<a href=\"https:\/\/arteirascomunicacao.com.br\/en\/mariana-chaimovich-assume-diretoria-executiva-do-irelgov\/\" >\n\t\t\t\tMariana Chaimovich assume diretoria-executiva do IRELGOV\t\t\t<\/a>\n\t\t<\/h3>\n\t\t\t\t<\/div>\n\t\t\t\t<div class=\"elementor-post__meta-data\">\n\t\t\t\t\t<span class=\"elementor-post-date\">\n\t\t\tFeb\/2026\t\t<\/span>\n\t\t\t\t<\/div>\n\t\t\t\t\t<\/div>\n\t\t<\/article>\n\t\t\t\t<article class=\"elementor-post elementor-grid-item post-21186 post type-post status-publish format-standard has-post-thumbnail hentry category-west-shopping\" role=\"listitem\">\n\t\t\t<div class=\"elementor-post__card\">\n\t\t\t\t<a class=\"elementor-post__thumbnail__link\" href=\"https:\/\/arteirascomunicacao.com.br\/en\/cantora-rafa-guittierrez-se-apresenta-neste-sabado-no-west-musical\/\" tabindex=\"-1\" ><div class=\"elementor-post__thumbnail\"><img decoding=\"async\" width=\"200\" height=\"300\" src=\"https:\/\/arteirascomunicacao.com.br\/wp-content\/uploads\/2026\/02\/RAFA-GUTTIERREZ-200x300.jpg\" class=\"attachment-medium size-medium wp-image-21187\" alt=\"\" srcset=\"https:\/\/arteirascomunicacao.com.br\/wp-content\/uploads\/2026\/02\/RAFA-GUTTIERREZ-200x300.jpg 200w, https:\/\/arteirascomunicacao.com.br\/wp-content\/uploads\/2026\/02\/RAFA-GUTTIERREZ-683x1024.jpg 683w, https:\/\/arteirascomunicacao.com.br\/wp-content\/uploads\/2026\/02\/RAFA-GUTTIERREZ-768x1152.jpg 768w, https:\/\/arteirascomunicacao.com.br\/wp-content\/uploads\/2026\/02\/RAFA-GUTTIERREZ-1024x1536.jpg 1024w, https:\/\/arteirascomunicacao.com.br\/wp-content\/uploads\/2026\/02\/RAFA-GUTTIERREZ-1365x2048.jpg 1365w, https:\/\/arteirascomunicacao.com.br\/wp-content\/uploads\/2026\/02\/RAFA-GUTTIERREZ-scaled.jpg 1707w\" sizes=\"(max-width: 200px) 100vw, 200px\" \/><\/div><\/a>\n\t\t\t\t<div class=\"elementor-post__badge\">West Shopping<\/div>\n\t\t\t\t<div class=\"elementor-post__text\">\n\t\t\t\t<h3 class=\"elementor-post__title\">\n\t\t\t<a href=\"https:\/\/arteirascomunicacao.com.br\/en\/cantora-rafa-guittierrez-se-apresenta-neste-sabado-no-west-musical\/\" >\n\t\t\t\tCantora Rafa Guittierrez se apresenta, neste s\u00e1bado, no West Musical\t\t\t<\/a>\n\t\t<\/h3>\n\t\t\t\t<\/div>\n\t\t\t\t<div class=\"elementor-post__meta-data\">\n\t\t\t\t\t<span class=\"elementor-post-date\">\n\t\t\tFeb\/2026\t\t<\/span>\n\t\t\t\t<\/div>\n\t\t\t\t\t<\/div>\n\t\t<\/article>\n\t\t\t\t<article class=\"elementor-post elementor-grid-item post-21183 post type-post status-publish format-standard has-post-thumbnail hentry category-fecomercio-rj\" role=\"listitem\">\n\t\t\t<div class=\"elementor-post__card\">\n\t\t\t\t<a class=\"elementor-post__thumbnail__link\" href=\"https:\/\/arteirascomunicacao.com.br\/en\/1o-forum-asg-do-sistema-fecomercio-rj-tera-foco-em-temas-como-diversidade-equidade-e-inclusao\/\" tabindex=\"-1\" ><div class=\"elementor-post__thumbnail\"><img loading=\"lazy\" decoding=\"async\" width=\"300\" height=\"200\" src=\"https:\/\/arteirascomunicacao.com.br\/wp-content\/uploads\/2026\/02\/SHEILA-AQUINO-300x200.jpeg\" class=\"attachment-medium size-medium wp-image-21184\" alt=\"\" srcset=\"https:\/\/arteirascomunicacao.com.br\/wp-content\/uploads\/2026\/02\/SHEILA-AQUINO-300x200.jpeg 300w, https:\/\/arteirascomunicacao.com.br\/wp-content\/uploads\/2026\/02\/SHEILA-AQUINO-1024x682.jpeg 1024w, https:\/\/arteirascomunicacao.com.br\/wp-content\/uploads\/2026\/02\/SHEILA-AQUINO-768x512.jpeg 768w, https:\/\/arteirascomunicacao.com.br\/wp-content\/uploads\/2026\/02\/SHEILA-AQUINO-1536x1023.jpeg 1536w, https:\/\/arteirascomunicacao.com.br\/wp-content\/uploads\/2026\/02\/SHEILA-AQUINO.jpeg 1600w\" sizes=\"(max-width: 300px) 100vw, 300px\" \/><\/div><\/a>\n\t\t\t\t<div class=\"elementor-post__badge\">Fecom\u00e9rcio-RJ<\/div>\n\t\t\t\t<div class=\"elementor-post__text\">\n\t\t\t\t<h3 class=\"elementor-post__title\">\n\t\t\t<a href=\"https:\/\/arteirascomunicacao.com.br\/en\/1o-forum-asg-do-sistema-fecomercio-rj-tera-foco-em-temas-como-diversidade-equidade-e-inclusao\/\" >\n\t\t\t\t1\u00ba F\u00f3rum ASG do Sistema Fecom\u00e9rcio RJ ter\u00e1 foco em temas como diversidade, equidade e inclus\u00e3o\t\t\t<\/a>\n\t\t<\/h3>\n\t\t\t\t<\/div>\n\t\t\t\t<div class=\"elementor-post__meta-data\">\n\t\t\t\t\t<span class=\"elementor-post-date\">\n\t\t\tFeb\/2026\t\t<\/span>\n\t\t\t\t<\/div>\n\t\t\t\t\t<\/div>\n\t\t<\/article>\n\t\t\t\t<article class=\"elementor-post elementor-grid-item post-21173 post type-post status-publish format-standard has-post-thumbnail hentry category-clientes-imprensa\" role=\"listitem\">\n\t\t\t<div class=\"elementor-post__card\">\n\t\t\t\t<a class=\"elementor-post__thumbnail__link\" href=\"https:\/\/arteirascomunicacao.com.br\/en\/fecomercio-rj-condecora-liderancas-do-estado-com-a-ordem-do-merito-comercial-estacio-de-sa\/\" tabindex=\"-1\" ><div class=\"elementor-post__thumbnail\"><img loading=\"lazy\" decoding=\"async\" width=\"300\" height=\"200\" src=\"https:\/\/arteirascomunicacao.com.br\/wp-content\/uploads\/2026\/02\/WhatsApp-Image-2026-02-11-at-16.16.04-300x200.jpeg\" class=\"attachment-medium size-medium wp-image-21176\" alt=\"\" srcset=\"https:\/\/arteirascomunicacao.com.br\/wp-content\/uploads\/2026\/02\/WhatsApp-Image-2026-02-11-at-16.16.04-300x200.jpeg 300w, https:\/\/arteirascomunicacao.com.br\/wp-content\/uploads\/2026\/02\/WhatsApp-Image-2026-02-11-at-16.16.04-1024x682.jpeg 1024w, https:\/\/arteirascomunicacao.com.br\/wp-content\/uploads\/2026\/02\/WhatsApp-Image-2026-02-11-at-16.16.04-768x512.jpeg 768w, https:\/\/arteirascomunicacao.com.br\/wp-content\/uploads\/2026\/02\/WhatsApp-Image-2026-02-11-at-16.16.04.jpeg 1280w\" sizes=\"(max-width: 300px) 100vw, 300px\" \/><\/div><\/a>\n\t\t\t\t<div class=\"elementor-post__badge\">Clientes<\/div>\n\t\t\t\t<div class=\"elementor-post__text\">\n\t\t\t\t<h3 class=\"elementor-post__title\">\n\t\t\t<a href=\"https:\/\/arteirascomunicacao.com.br\/en\/fecomercio-rj-condecora-liderancas-do-estado-com-a-ordem-do-merito-comercial-estacio-de-sa\/\" >\n\t\t\t\tFecom\u00e9rcio RJ condecora lideran\u00e7as do estado com a Ordem do M\u00e9rito Comercial Est\u00e1cio de S\u00e1\t\t\t<\/a>\n\t\t<\/h3>\n\t\t\t\t<\/div>\n\t\t\t\t<div class=\"elementor-post__meta-data\">\n\t\t\t\t\t<span class=\"elementor-post-date\">\n\t\t\tFeb\/2026\t\t<\/span>\n\t\t\t\t<\/div>\n\t\t\t\t\t<\/div>\n\t\t<\/article>\n\t\t\t\t<article class=\"elementor-post elementor-grid-item post-21172 post type-post status-publish format-standard has-post-thumbnail hentry category-abih-rj\" role=\"listitem\">\n\t\t\t<div class=\"elementor-post__card\">\n\t\t\t\t<a class=\"elementor-post__thumbnail__link\" href=\"https:\/\/arteirascomunicacao.com.br\/en\/diretores-dos-hoteis-cinco-estrelas-debatem-temas-trabalhistas\/\" tabindex=\"-1\" ><div class=\"elementor-post__thumbnail\"><img loading=\"lazy\" decoding=\"async\" width=\"300\" height=\"225\" src=\"https:\/\/arteirascomunicacao.com.br\/wp-content\/uploads\/2026\/02\/WhatsApp-Image-2026-02-11-at-16.03.05-300x225.jpeg\" class=\"attachment-medium size-medium wp-image-21178\" alt=\"\" srcset=\"https:\/\/arteirascomunicacao.com.br\/wp-content\/uploads\/2026\/02\/WhatsApp-Image-2026-02-11-at-16.03.05-300x225.jpeg 300w, https:\/\/arteirascomunicacao.com.br\/wp-content\/uploads\/2026\/02\/WhatsApp-Image-2026-02-11-at-16.03.05-1024x768.jpeg 1024w, https:\/\/arteirascomunicacao.com.br\/wp-content\/uploads\/2026\/02\/WhatsApp-Image-2026-02-11-at-16.03.05-768x576.jpeg 768w, https:\/\/arteirascomunicacao.com.br\/wp-content\/uploads\/2026\/02\/WhatsApp-Image-2026-02-11-at-16.03.05.jpeg 1280w\" sizes=\"(max-width: 300px) 100vw, 300px\" \/><\/div><\/a>\n\t\t\t\t<div class=\"elementor-post__badge\">Associa\u00e7\u00e3o de Hot\u00e9is do Estado do Rio de Janeiro<\/div>\n\t\t\t\t<div class=\"elementor-post__text\">\n\t\t\t\t<h3 class=\"elementor-post__title\">\n\t\t\t<a href=\"https:\/\/arteirascomunicacao.com.br\/en\/diretores-dos-hoteis-cinco-estrelas-debatem-temas-trabalhistas\/\" >\n\t\t\t\tDiretores dos hot\u00e9is cinco estrelas debatem temas trabalhistas\t\t\t<\/a>\n\t\t<\/h3>\n\t\t\t\t<\/div>\n\t\t\t\t<div class=\"elementor-post__meta-data\">\n\t\t\t\t\t<span class=\"elementor-post-date\">\n\t\t\tFeb\/2026\t\t<\/span>\n\t\t\t\t<\/div>\n\t\t\t\t\t<\/div>\n\t\t<\/article>\n\t\t\t\t<\/div>\n\t\t\t\t\t<span class=\"e-load-more-spinner\">\n\t\t\t\t<svg aria-hidden=\"true\" class=\"e-font-icon-svg e-fas-spinner\" viewbox=\"0 0 512 512\" xmlns=\"http:\/\/www.w3.org\/2000\/svg\"><path d=\"M304 48c0 26.51-21.49 48-48 48s-48-21.49-48-48 21.49-48 48-48 48 21.49 48 48zm-48 368c-26.51 0-48 21.49-48 48s21.49 48 48 48 48-21.49 48-48-21.49-48-48-48zm208-208c-26.51 0-48 21.49-48 48s21.49 48 48 48 48-21.49 48-48-21.49-48-48-48zM96 256c0-26.51-21.49-48-48-48S0 229.49 0 256s21.49 48 48 48 48-21.49 48-48zm12.922 99.078c-26.51 0-48 21.49-48 48s21.49 48 48 48 48-21.49 48-48c0-26.509-21.491-48-48-48zm294.156 0c-26.51 0-48 21.49-48 48s21.49 48 48 48 48-21.49 48-48c0-26.509-21.49-48-48-48zM108.922 60.922c-26.51 0-48 21.49-48 48s21.49 48 48 48 48-21.49 48-48-21.491-48-48-48z\"><\/path><\/svg>\t\t\t<\/span>\n\t\t\n\t\t\t\t<div class=\"e-load-more-anchor\" data-page=\"1\" data-max-page=\"81\" data-next-page=\"https:\/\/arteirascomunicacao.com.br\/en\/wp-json\/wp\/v2\/pages\/144\/page\/2\/\"><\/div>\n\t\t\t\t<div class=\"e-load-more-message\"><\/div>\n\t\t\t\t\t\t<\/div>\n\t\t\t\t<\/div>\n\t\t\t\t\t<\/div>\n\t\t<\/div>\n\t\t\t\t\t<\/div>\n\t\t<\/section>\n\t\t\t\t<\/div>","protected":false},"excerpt":{"rendered":"<p>Sala de Imprensa<\/p>","protected":false},"author":1,"featured_media":0,"parent":0,"menu_order":0,"comment_status":"closed","ping_status":"closed","template":"","meta":{"footnotes":""},"class_list":["post-144","page","type-page","status-publish","hentry"],"yoast_head":"<!-- This site is optimized with the Yoast SEO plugin v27.2 - https:\/\/yoast.com\/product\/yoast-seo-wordpress\/ -->\n<title>Sala de Imprensa - Arteiras Comunica\u00e7\u00e3o<\/title>\n<meta name=\"robots\" content=\"index, follow, max-snippet:-1, max-image-preview:large, max-video-preview:-1\" \/>\n<link rel=\"canonical\" href=\"https:\/\/arteirascomunicacao.com.br\/en\/sala-de-imprensa\/\" \/>\n<meta property=\"og:locale\" content=\"en_US\" \/>\n<meta property=\"og:type\" content=\"article\" \/>\n<meta property=\"og:title\" content=\"Sala de Imprensa - Arteiras Comunica\u00e7\u00e3o\" \/>\n<meta property=\"og:description\" content=\"Sala de Imprensa\" \/>\n<meta property=\"og:url\" content=\"https:\/\/arteirascomunicacao.com.br\/en\/sala-de-imprensa\/\" \/>\n<meta property=\"og:site_name\" content=\"Arteiras Comunica\u00e7\u00e3o\" \/>\n<meta property=\"article:modified_time\" content=\"2025-12-01T13:49:04+00:00\" \/>\n<meta name=\"twitter:card\" content=\"summary_large_image\" \/>\n<script type=\"application\/ld+json\" class=\"yoast-schema-graph\">{\"@context\":\"https:\/\/schema.org\",\"@graph\":[{\"@type\":\"WebPage\",\"@id\":\"https:\/\/arteirascomunicacao.com.br\/sala-de-imprensa\/\",\"url\":\"https:\/\/arteirascomunicacao.com.br\/sala-de-imprensa\/\",\"name\":\"Sala de Imprensa - Arteiras Comunica\u00e7\u00e3o\",\"isPartOf\":{\"@id\":\"https:\/\/arteirascomunicacao.com.br\/#website\"},\"datePublished\":\"2018-05-08T10:58:29+00:00\",\"dateModified\":\"2025-12-01T13:49:04+00:00\",\"breadcrumb\":{\"@id\":\"https:\/\/arteirascomunicacao.com.br\/sala-de-imprensa\/#breadcrumb\"},\"inLanguage\":\"en-US\",\"potentialAction\":[{\"@type\":\"ReadAction\",\"target\":[\"https:\/\/arteirascomunicacao.com.br\/sala-de-imprensa\/\"]}]},{\"@type\":\"BreadcrumbList\",\"@id\":\"https:\/\/arteirascomunicacao.com.br\/sala-de-imprensa\/#breadcrumb\",\"itemListElement\":[{\"@type\":\"ListItem\",\"position\":1,\"name\":\"In\u00edcio\",\"item\":\"https:\/\/arteirascomunicacao.com.br\/\"},{\"@type\":\"ListItem\",\"position\":2,\"name\":\"Sala de Imprensa\"}]},{\"@type\":\"WebSite\",\"@id\":\"https:\/\/arteirascomunicacao.com.br\/#website\",\"url\":\"https:\/\/arteirascomunicacao.com.br\/\",\"name\":\"Arteiras Comunica\u00e7\u00e3o\",\"description\":\"Assessoria de Imprensa - RJ\",\"publisher\":{\"@id\":\"https:\/\/arteirascomunicacao.com.br\/#organization\"},\"potentialAction\":[{\"@type\":\"SearchAction\",\"target\":{\"@type\":\"EntryPoint\",\"urlTemplate\":\"https:\/\/arteirascomunicacao.com.br\/?s={search_term_string}\"},\"query-input\":{\"@type\":\"PropertyValueSpecification\",\"valueRequired\":true,\"valueName\":\"search_term_string\"}}],\"inLanguage\":\"en-US\"},{\"@type\":\"Organization\",\"@id\":\"https:\/\/arteirascomunicacao.com.br\/#organization\",\"name\":\"Arteiras Comunica\u00e7\u00e3o\",\"url\":\"https:\/\/arteirascomunicacao.com.br\/\",\"logo\":{\"@type\":\"ImageObject\",\"inLanguage\":\"en-US\",\"@id\":\"https:\/\/arteirascomunicacao.com.br\/#\/schema\/logo\/image\/\",\"url\":\"https:\/\/arteirascomunicacao.com.br\/wp-content\/uploads\/2026\/01\/Logo-horizontal-txt-preto-scaled.png\",\"contentUrl\":\"https:\/\/arteirascomunicacao.com.br\/wp-content\/uploads\/2026\/01\/Logo-horizontal-txt-preto-scaled.png\",\"width\":2560,\"height\":644,\"caption\":\"Arteiras Comunica\u00e7\u00e3o\"},\"image\":{\"@id\":\"https:\/\/arteirascomunicacao.com.br\/#\/schema\/logo\/image\/\"}}]}<\/script>\n<!-- \/ Yoast SEO plugin. -->","yoast_head_json":{"title":"Sala de Imprensa - Arteiras Comunica\u00e7\u00e3o","robots":{"index":"index","follow":"follow","max-snippet":"max-snippet:-1","max-image-preview":"max-image-preview:large","max-video-preview":"max-video-preview:-1"},"canonical":"https:\/\/arteirascomunicacao.com.br\/en\/sala-de-imprensa\/","og_locale":"en_US","og_type":"article","og_title":"Sala de Imprensa - Arteiras Comunica\u00e7\u00e3o","og_description":"Sala de Imprensa","og_url":"https:\/\/arteirascomunicacao.com.br\/en\/sala-de-imprensa\/","og_site_name":"Arteiras Comunica\u00e7\u00e3o","article_modified_time":"2025-12-01T13:49:04+00:00","twitter_card":"summary_large_image","schema":{"@context":"https:\/\/schema.org","@graph":[{"@type":"WebPage","@id":"https:\/\/arteirascomunicacao.com.br\/sala-de-imprensa\/","url":"https:\/\/arteirascomunicacao.com.br\/sala-de-imprensa\/","name":"Sala de Imprensa - Arteiras Comunica\u00e7\u00e3o","isPartOf":{"@id":"https:\/\/arteirascomunicacao.com.br\/#website"},"datePublished":"2018-05-08T10:58:29+00:00","dateModified":"2025-12-01T13:49:04+00:00","breadcrumb":{"@id":"https:\/\/arteirascomunicacao.com.br\/sala-de-imprensa\/#breadcrumb"},"inLanguage":"en-US","potentialAction":[{"@type":"ReadAction","target":["https:\/\/arteirascomunicacao.com.br\/sala-de-imprensa\/"]}]},{"@type":"BreadcrumbList","@id":"https:\/\/arteirascomunicacao.com.br\/sala-de-imprensa\/#breadcrumb","itemListElement":[{"@type":"ListItem","position":1,"name":"In\u00edcio","item":"https:\/\/arteirascomunicacao.com.br\/"},{"@type":"ListItem","position":2,"name":"Sala de Imprensa"}]},{"@type":"WebSite","@id":"https:\/\/arteirascomunicacao.com.br\/#website","url":"https:\/\/arteirascomunicacao.com.br\/","name":"Arteiras Comunica\u00e7\u00e3o","description":"Assessoria de Imprensa - RJ","publisher":{"@id":"https:\/\/arteirascomunicacao.com.br\/#organization"},"potentialAction":[{"@type":"SearchAction","target":{"@type":"EntryPoint","urlTemplate":"https:\/\/arteirascomunicacao.com.br\/?s={search_term_string}"},"query-input":{"@type":"PropertyValueSpecification","valueRequired":true,"valueName":"search_term_string"}}],"inLanguage":"en-US"},{"@type":"Organization","@id":"https:\/\/arteirascomunicacao.com.br\/#organization","name":"Arteiras Comunica\u00e7\u00e3o","url":"https:\/\/arteirascomunicacao.com.br\/","logo":{"@type":"ImageObject","inLanguage":"en-US","@id":"https:\/\/arteirascomunicacao.com.br\/#\/schema\/logo\/image\/","url":"https:\/\/arteirascomunicacao.com.br\/wp-content\/uploads\/2026\/01\/Logo-horizontal-txt-preto-scaled.png","contentUrl":"https:\/\/arteirascomunicacao.com.br\/wp-content\/uploads\/2026\/01\/Logo-horizontal-txt-preto-scaled.png","width":2560,"height":644,"caption":"Arteiras Comunica\u00e7\u00e3o"},"image":{"@id":"https:\/\/arteirascomunicacao.com.br\/#\/schema\/logo\/image\/"}}]}},"amp_enabled":true,"_links":{"self":[{"href":"https:\/\/arteirascomunicacao.com.br\/en\/wp-json\/wp\/v2\/pages\/144","targetHints":{"allow":["GET"]}}],"collection":[{"href":"https:\/\/arteirascomunicacao.com.br\/en\/wp-json\/wp\/v2\/pages"}],"about":[{"href":"https:\/\/arteirascomunicacao.com.br\/en\/wp-json\/wp\/v2\/types\/page"}],"author":[{"embeddable":true,"href":"https:\/\/arteirascomunicacao.com.br\/en\/wp-json\/wp\/v2\/users\/1"}],"replies":[{"embeddable":true,"href":"https:\/\/arteirascomunicacao.com.br\/en\/wp-json\/wp\/v2\/comments?post=144"}],"version-history":[{"count":11,"href":"https:\/\/arteirascomunicacao.com.br\/en\/wp-json\/wp\/v2\/pages\/144\/revisions"}],"predecessor-version":[{"id":21073,"href":"https:\/\/arteirascomunicacao.com.br\/en\/wp-json\/wp\/v2\/pages\/144\/revisions\/21073"}],"wp:attachment":[{"href":"https:\/\/arteirascomunicacao.com.br\/en\/wp-json\/wp\/v2\/media?parent=144"}],"curies":[{"name":"wp","href":"https:\/\/api.w.org\/{rel}","templated":true}]}}