{"id":166,"date":"2018-05-08T08:38:51","date_gmt":"2018-05-08T11:38:51","guid":{"rendered":"http:\/\/www.arteiras.com.br\/novo\/?page_id=166"},"modified":"2025-10-17T10:03:15","modified_gmt":"2025-10-17T13:03:15","slug":"contato","status":"publish","type":"page","link":"https:\/\/arteirascomunicacao.com.br\/en\/contato\/","title":{"rendered":"Contato"},"content":{"rendered":"<div data-elementor-type=\"wp-page\" data-elementor-id=\"166\" class=\"elementor elementor-166\" data-elementor-post-type=\"page\">\n\t\t\t\t\t\t<section class=\"elementor-section elementor-top-section elementor-element elementor-element-dfef717 elementor-section-full_width elementor-section-height-default elementor-section-height-default\" data-id=\"dfef717\" data-element_type=\"section\" data-e-type=\"section\" data-settings=\"{&quot;background_background&quot;:&quot;classic&quot;}\">\n\t\t\t\t\t\t\t<div class=\"elementor-background-overlay\"><\/div>\n\t\t\t\t\t\t\t<div class=\"elementor-container elementor-column-gap-default\">\n\t\t\t\t\t<div class=\"elementor-column elementor-col-100 elementor-top-column elementor-element elementor-element-76b6ded\" data-id=\"76b6ded\" data-element_type=\"column\" data-e-type=\"column\">\n\t\t\t<div class=\"elementor-widget-wrap elementor-element-populated\">\n\t\t\t\t\t\t<div class=\"elementor-element elementor-element-0daa074 elementor-widget elementor-widget-heading\" data-id=\"0daa074\" data-element_type=\"widget\" data-e-type=\"widget\" data-widget_type=\"heading.default\">\n\t\t\t\t\t<h2 class=\"elementor-heading-title elementor-size-default\">Contato<\/h2>\t\t\t\t<\/div>\n\t\t\t\t\t<\/div>\n\t\t<\/div>\n\t\t\t\t\t<\/div>\n\t\t<\/section>\n\t\t\t\t<section class=\"elementor-section elementor-top-section elementor-element elementor-element-11ebb54 elementor-section-boxed elementor-section-height-default elementor-section-height-default\" data-id=\"11ebb54\" data-element_type=\"section\" data-e-type=\"section\">\n\t\t\t\t\t\t<div class=\"elementor-container elementor-column-gap-default\">\n\t\t\t\t\t<div class=\"elementor-column elementor-col-100 elementor-top-column elementor-element elementor-element-572cca4\" data-id=\"572cca4\" data-element_type=\"column\" data-e-type=\"column\">\n\t\t\t<div class=\"elementor-widget-wrap elementor-element-populated\">\n\t\t\t\t\t\t<div class=\"elementor-element elementor-element-d0bbdde elementor-widget elementor-widget-heading\" data-id=\"d0bbdde\" data-element_type=\"widget\" data-e-type=\"widget\" data-widget_type=\"heading.default\">\n\t\t\t\t\t<h2 class=\"elementor-heading-title elementor-size-default\">ENVIE UMA MENSAGEM<\/h2>\t\t\t\t<\/div>\n\t\t\t\t<div class=\"elementor-element elementor-element-65d62d5 eael-contact-form-7-button-align-left eael-contact-form-7-button-custom elementor-widget elementor-widget-eael-contact-form-7\" data-id=\"65d62d5\" data-element_type=\"widget\" data-e-type=\"widget\" data-widget_type=\"eael-contact-form-7.default\">\n\t\t\t\t\t<div class=\"eael-contact-form-7-wrapper\">\n                <div class=\"eael-contact-form eael-contact-form-7 eael-contact-form-65d62d5 placeholder-show eael-contact-form-align-default\">\n<div class=\"wpcf7 no-js\" id=\"wpcf7-f559-o1\" lang=\"pt-BR\" dir=\"ltr\" data-wpcf7-id=\"559\">\n<div class=\"screen-reader-response\"><p role=\"status\" aria-live=\"polite\" aria-atomic=\"true\"><\/p> <ul><\/ul><\/div>\n<form action=\"\/en\/wp-json\/wp\/v2\/pages\/166#wpcf7-f559-o1\" method=\"post\" class=\"wpcf7-form init\" aria-label=\"Formul\u00e1rios de contato\" enctype=\"multipart\/form-data\" novalidate=\"novalidate\" data-status=\"init\" data-trp-original-action=\"\/en\/wp-json\/wp\/v2\/pages\/166#wpcf7-f559-o1\">\n<fieldset class=\"hidden-fields-container\"><input type=\"hidden\" name=\"_wpcf7\" value=\"559\" \/><input type=\"hidden\" name=\"_wpcf7_version\" value=\"6.1.4\" \/><input type=\"hidden\" name=\"_wpcf7_locale\" value=\"pt_BR\" \/><input type=\"hidden\" name=\"_wpcf7_unit_tag\" value=\"wpcf7-f559-o1\" \/><input type=\"hidden\" name=\"_wpcf7_container_post\" value=\"0\" \/><input type=\"hidden\" name=\"_wpcf7_posted_data_hash\" value=\"\" \/><input type=\"hidden\" name=\"_wpcf7_recaptcha_response\" value=\"\" \/>\n<\/fieldset>\n<div class=\"row\">\n\t<div class=\"col-md-6\">\n\t\t<div class=\"bt-name\">\n\t\t\t<p><span class=\"wpcf7-form-control-wrap\" data-name=\"text-712\"><input size=\"40\" maxlength=\"400\" class=\"wpcf7-form-control wpcf7-text wpcf7-validates-as-required\" aria-required=\"true\" aria-invalid=\"false\" placeholder=\"Nome\" value=\"\" type=\"text\" name=\"text-712\" \/><\/span>\n\t\t\t<\/p>\n\t\t<\/div>\n\t<\/div>\n\t<div class=\"col-md-6\">\n\t\t<div class=\"bt-email\">\n\t\t\t<p><span class=\"wpcf7-form-control-wrap\" data-name=\"email-845\"><input size=\"40\" maxlength=\"400\" class=\"wpcf7-form-control wpcf7-email wpcf7-validates-as-required wpcf7-text wpcf7-validates-as-email\" aria-required=\"true\" aria-invalid=\"false\" placeholder=\"E-mail\" value=\"\" type=\"email\" name=\"email-845\" \/><\/span>\n\t\t\t<\/p>\n\t\t<\/div>\n\t<\/div>\n<\/div>\n<div class=\"row\">\n\t<div class=\"col-md-6\">\n\t\t<div class=\"bt-phone\">\n\t\t\t<p><span class=\"wpcf7-form-control-wrap\" data-name=\"tel-308\"><input size=\"40\" maxlength=\"400\" class=\"wpcf7-form-control wpcf7-tel wpcf7-text wpcf7-validates-as-tel\" aria-invalid=\"false\" placeholder=\"Telefone\" value=\"\" type=\"tel\" name=\"tel-308\" \/><\/span>\n\t\t\t<\/p>\n\t\t<\/div>\n\t<\/div>\n\t<div class=\"col-md-6\">\n\t\t<div class=\"bt-subject\">\n\t\t\t<p><span class=\"wpcf7-form-control-wrap\" data-name=\"text-276\"><input size=\"40\" maxlength=\"400\" class=\"wpcf7-form-control wpcf7-text wpcf7-validates-as-required\" aria-required=\"true\" aria-invalid=\"false\" placeholder=\"Assunto\" value=\"\" type=\"text\" name=\"text-276\" \/><\/span>\n\t\t\t<\/p>\n\t\t<\/div>\n\t<\/div>\n<\/div>\n<div class=\"row\">\n\t<div class=\"col-md-12\">\n\t\t<div class=\"bt-desc\">\n\t\t\t<p><span class=\"wpcf7-form-control-wrap\" data-name=\"textarea-623\"><textarea cols=\"40\" rows=\"10\" maxlength=\"2000\" class=\"wpcf7-form-control wpcf7-textarea\" aria-invalid=\"false\" placeholder=\"Mensagem\" name=\"textarea-623\"><\/textarea><\/span>\n\t\t\t<\/p>\n\t\t<\/div>\n\t<\/div>\n<\/div>\n<div class=\"row\">\n\t<div class=\"col-md-12\">\n\t\t<div>\n\t\t\t<p>ANEXAR CURR\u00cdCULO (*N\u00e3o obrigat\u00f3rio)<br \/>\n<span class=\"wpcf7-form-control-wrap\" data-name=\"arquivo\"><input size=\"40\" class=\"wpcf7-form-control wpcf7-file\" accept=\"audio\/*,video\/*,image\/*\" aria-invalid=\"false\" type=\"file\" name=\"arquivo\" \/><\/span>\n\t\t\t<\/p>\n\t\t<\/div>\n\t<\/div>\n<\/div>\n<div class=\"row\">\n\t<div class=\"col-md-12\">\n\t\t<div class=\"bt-submit\">\n\t\t\t<p><input class=\"wpcf7-form-control wpcf7-submit has-spinner\" type=\"submit\" value=\"Enviar\" \/>\n\t\t\t<\/p>\n\t\t<\/div>\n\t<\/div>\n<\/div><div class=\"wpcf7-response-output\" aria-hidden=\"true\"><\/div>\n<input type=\"hidden\" name=\"trp-form-language\" value=\"en\"\/><\/form>\n<\/div>\n<\/div>\n            <\/div>\t\t\t\t<\/div>\n\t\t\t\t\t<\/div>\n\t\t<\/div>\n\t\t\t\t\t<\/div>\n\t\t<\/section>\n\t\t\t\t<\/div>","protected":false},"excerpt":{"rendered":"<p>Contato ENVIE UMA MENSAGEM ANEXAR CURR\u00cdCULO (*N\u00e3o obrigat\u00f3rio)<\/p>","protected":false},"author":1,"featured_media":0,"parent":0,"menu_order":0,"comment_status":"closed","ping_status":"closed","template":"","meta":{"footnotes":""},"class_list":["post-166","page","type-page","status-publish","hentry"],"yoast_head":"<!-- This site is optimized with the Yoast SEO plugin v27.2 - https:\/\/yoast.com\/product\/yoast-seo-wordpress\/ -->\n<title>Contato - Arteiras Comunica\u00e7\u00e3o<\/title>\n<meta name=\"description\" content=\"Entre em contato conosco.\" \/>\n<meta name=\"robots\" content=\"index, follow, max-snippet:-1, max-image-preview:large, max-video-preview:-1\" \/>\n<link rel=\"canonical\" href=\"https:\/\/arteirascomunicacao.com.br\/en\/contato\/\" \/>\n<meta property=\"og:locale\" content=\"en_US\" \/>\n<meta property=\"og:type\" content=\"article\" \/>\n<meta property=\"og:title\" content=\"Contato - Arteiras Comunica\u00e7\u00e3o\" \/>\n<meta property=\"og:description\" content=\"Entre em contato conosco.\" \/>\n<meta property=\"og:url\" content=\"https:\/\/arteirascomunicacao.com.br\/en\/contato\/\" \/>\n<meta property=\"og:site_name\" content=\"Arteiras Comunica\u00e7\u00e3o\" \/>\n<meta property=\"article:modified_time\" content=\"2025-10-17T13:03:15+00:00\" \/>\n<meta name=\"twitter:card\" content=\"summary_large_image\" \/>\n<script type=\"application\/ld+json\" class=\"yoast-schema-graph\">{\"@context\":\"https:\/\/schema.org\",\"@graph\":[{\"@type\":\"WebPage\",\"@id\":\"https:\/\/arteirascomunicacao.com.br\/contato\/\",\"url\":\"https:\/\/arteirascomunicacao.com.br\/contato\/\",\"name\":\"Contato - Arteiras Comunica\u00e7\u00e3o\",\"isPartOf\":{\"@id\":\"https:\/\/arteirascomunicacao.com.br\/#website\"},\"datePublished\":\"2018-05-08T11:38:51+00:00\",\"dateModified\":\"2025-10-17T13:03:15+00:00\",\"description\":\"Entre em contato conosco.\",\"breadcrumb\":{\"@id\":\"https:\/\/arteirascomunicacao.com.br\/contato\/#breadcrumb\"},\"inLanguage\":\"en-US\",\"potentialAction\":[{\"@type\":\"ReadAction\",\"target\":[\"https:\/\/arteirascomunicacao.com.br\/contato\/\"]}]},{\"@type\":\"BreadcrumbList\",\"@id\":\"https:\/\/arteirascomunicacao.com.br\/contato\/#breadcrumb\",\"itemListElement\":[{\"@type\":\"ListItem\",\"position\":1,\"name\":\"In\u00edcio\",\"item\":\"https:\/\/arteirascomunicacao.com.br\/\"},{\"@type\":\"ListItem\",\"position\":2,\"name\":\"Contato\"}]},{\"@type\":\"WebSite\",\"@id\":\"https:\/\/arteirascomunicacao.com.br\/#website\",\"url\":\"https:\/\/arteirascomunicacao.com.br\/\",\"name\":\"Arteiras Comunica\u00e7\u00e3o\",\"description\":\"Assessoria de Imprensa - RJ\",\"publisher\":{\"@id\":\"https:\/\/arteirascomunicacao.com.br\/#organization\"},\"potentialAction\":[{\"@type\":\"SearchAction\",\"target\":{\"@type\":\"EntryPoint\",\"urlTemplate\":\"https:\/\/arteirascomunicacao.com.br\/?s={search_term_string}\"},\"query-input\":{\"@type\":\"PropertyValueSpecification\",\"valueRequired\":true,\"valueName\":\"search_term_string\"}}],\"inLanguage\":\"en-US\"},{\"@type\":\"Organization\",\"@id\":\"https:\/\/arteirascomunicacao.com.br\/#organization\",\"name\":\"Arteiras Comunica\u00e7\u00e3o\",\"url\":\"https:\/\/arteirascomunicacao.com.br\/\",\"logo\":{\"@type\":\"ImageObject\",\"inLanguage\":\"en-US\",\"@id\":\"https:\/\/arteirascomunicacao.com.br\/#\/schema\/logo\/image\/\",\"url\":\"https:\/\/arteirascomunicacao.com.br\/wp-content\/uploads\/2026\/01\/Logo-horizontal-txt-preto-scaled.png\",\"contentUrl\":\"https:\/\/arteirascomunicacao.com.br\/wp-content\/uploads\/2026\/01\/Logo-horizontal-txt-preto-scaled.png\",\"width\":2560,\"height\":644,\"caption\":\"Arteiras Comunica\u00e7\u00e3o\"},\"image\":{\"@id\":\"https:\/\/arteirascomunicacao.com.br\/#\/schema\/logo\/image\/\"}}]}<\/script>\n<!-- \/ Yoast SEO plugin. -->","yoast_head_json":{"title":"Contato - Arteiras Comunica\u00e7\u00e3o","description":"Entre em contato conosco.","robots":{"index":"index","follow":"follow","max-snippet":"max-snippet:-1","max-image-preview":"max-image-preview:large","max-video-preview":"max-video-preview:-1"},"canonical":"https:\/\/arteirascomunicacao.com.br\/en\/contato\/","og_locale":"en_US","og_type":"article","og_title":"Contato - Arteiras Comunica\u00e7\u00e3o","og_description":"Entre em contato conosco.","og_url":"https:\/\/arteirascomunicacao.com.br\/en\/contato\/","og_site_name":"Arteiras Comunica\u00e7\u00e3o","article_modified_time":"2025-10-17T13:03:15+00:00","twitter_card":"summary_large_image","schema":{"@context":"https:\/\/schema.org","@graph":[{"@type":"WebPage","@id":"https:\/\/arteirascomunicacao.com.br\/contato\/","url":"https:\/\/arteirascomunicacao.com.br\/contato\/","name":"Contato - Arteiras Comunica\u00e7\u00e3o","isPartOf":{"@id":"https:\/\/arteirascomunicacao.com.br\/#website"},"datePublished":"2018-05-08T11:38:51+00:00","dateModified":"2025-10-17T13:03:15+00:00","description":"Entre em contato conosco.","breadcrumb":{"@id":"https:\/\/arteirascomunicacao.com.br\/contato\/#breadcrumb"},"inLanguage":"en-US","potentialAction":[{"@type":"ReadAction","target":["https:\/\/arteirascomunicacao.com.br\/contato\/"]}]},{"@type":"BreadcrumbList","@id":"https:\/\/arteirascomunicacao.com.br\/contato\/#breadcrumb","itemListElement":[{"@type":"ListItem","position":1,"name":"In\u00edcio","item":"https:\/\/arteirascomunicacao.com.br\/"},{"@type":"ListItem","position":2,"name":"Contato"}]},{"@type":"WebSite","@id":"https:\/\/arteirascomunicacao.com.br\/#website","url":"https:\/\/arteirascomunicacao.com.br\/","name":"Arteiras Comunica\u00e7\u00e3o","description":"Assessoria de Imprensa - RJ","publisher":{"@id":"https:\/\/arteirascomunicacao.com.br\/#organization"},"potentialAction":[{"@type":"SearchAction","target":{"@type":"EntryPoint","urlTemplate":"https:\/\/arteirascomunicacao.com.br\/?s={search_term_string}"},"query-input":{"@type":"PropertyValueSpecification","valueRequired":true,"valueName":"search_term_string"}}],"inLanguage":"en-US"},{"@type":"Organization","@id":"https:\/\/arteirascomunicacao.com.br\/#organization","name":"Arteiras Comunica\u00e7\u00e3o","url":"https:\/\/arteirascomunicacao.com.br\/","logo":{"@type":"ImageObject","inLanguage":"en-US","@id":"https:\/\/arteirascomunicacao.com.br\/#\/schema\/logo\/image\/","url":"https:\/\/arteirascomunicacao.com.br\/wp-content\/uploads\/2026\/01\/Logo-horizontal-txt-preto-scaled.png","contentUrl":"https:\/\/arteirascomunicacao.com.br\/wp-content\/uploads\/2026\/01\/Logo-horizontal-txt-preto-scaled.png","width":2560,"height":644,"caption":"Arteiras Comunica\u00e7\u00e3o"},"image":{"@id":"https:\/\/arteirascomunicacao.com.br\/#\/schema\/logo\/image\/"}}]}},"amp_enabled":true,"_links":{"self":[{"href":"https:\/\/arteirascomunicacao.com.br\/en\/wp-json\/wp\/v2\/pages\/166","targetHints":{"allow":["GET"]}}],"collection":[{"href":"https:\/\/arteirascomunicacao.com.br\/en\/wp-json\/wp\/v2\/pages"}],"about":[{"href":"https:\/\/arteirascomunicacao.com.br\/en\/wp-json\/wp\/v2\/types\/page"}],"author":[{"embeddable":true,"href":"https:\/\/arteirascomunicacao.com.br\/en\/wp-json\/wp\/v2\/users\/1"}],"replies":[{"embeddable":true,"href":"https:\/\/arteirascomunicacao.com.br\/en\/wp-json\/wp\/v2\/comments?post=166"}],"version-history":[{"count":17,"href":"https:\/\/arteirascomunicacao.com.br\/en\/wp-json\/wp\/v2\/pages\/166\/revisions"}],"predecessor-version":[{"id":20863,"href":"https:\/\/arteirascomunicacao.com.br\/en\/wp-json\/wp\/v2\/pages\/166\/revisions\/20863"}],"wp:attachment":[{"href":"https:\/\/arteirascomunicacao.com.br\/en\/wp-json\/wp\/v2\/media?parent=166"}],"curies":[{"name":"wp","href":"https:\/\/api.w.org\/{rel}","templated":true}]}}