{"id":531,"date":"2019-06-23T16:41:01","date_gmt":"2019-06-23T19:41:01","guid":{"rendered":"http:\/\/www.arteiras.com.br\/novo\/?page_id=531"},"modified":"2025-10-17T10:27:12","modified_gmt":"2025-10-17T13:27:12","slug":"institucional","status":"publish","type":"page","link":"https:\/\/arteirascomunicacao.com.br\/en\/institucional\/","title":{"rendered":"Institucional"},"content":{"rendered":"<div data-elementor-type=\"wp-page\" data-elementor-id=\"531\" class=\"elementor elementor-531\" data-elementor-post-type=\"page\">\n\t\t\t\t\t\t<section class=\"elementor-section elementor-top-section elementor-element elementor-element-3c2f7b38 elementor-section-full_width elementor-section-height-default elementor-section-height-default\" data-id=\"3c2f7b38\" data-element_type=\"section\" data-e-type=\"section\" data-settings=\"{&quot;background_background&quot;:&quot;classic&quot;}\">\n\t\t\t\t\t\t<div class=\"elementor-container elementor-column-gap-default\">\n\t\t\t\t\t<div class=\"elementor-column elementor-col-100 elementor-top-column elementor-element elementor-element-5746886f\" data-id=\"5746886f\" data-element_type=\"column\" data-e-type=\"column\">\n\t\t\t<div class=\"elementor-widget-wrap elementor-element-populated\">\n\t\t\t\t\t\t<div class=\"elementor-element elementor-element-1c54d66 elementor-widget elementor-widget-heading\" data-id=\"1c54d66\" data-element_type=\"widget\" data-e-type=\"widget\" data-widget_type=\"heading.default\">\n\t\t\t\t\t<h2 class=\"elementor-heading-title elementor-size-default\">Institucional<\/h2>\t\t\t\t<\/div>\n\t\t\t\t\t<\/div>\n\t\t<\/div>\n\t\t\t\t\t<\/div>\n\t\t<\/section>\n\t\t\t\t<section class=\"elementor-section elementor-top-section elementor-element elementor-element-3b99695 elementor-section-boxed elementor-section-height-default elementor-section-height-default\" data-id=\"3b99695\" data-element_type=\"section\" data-e-type=\"section\">\n\t\t\t\t\t\t<div class=\"elementor-container elementor-column-gap-default\">\n\t\t\t\t\t<div class=\"elementor-column elementor-col-50 elementor-top-column elementor-element elementor-element-35eb1b8\" data-id=\"35eb1b8\" data-element_type=\"column\" data-e-type=\"column\">\n\t\t\t<div class=\"elementor-widget-wrap elementor-element-populated\">\n\t\t\t\t\t\t<div class=\"elementor-element elementor-element-29bca3f elementor-widget elementor-widget-video\" data-id=\"29bca3f\" data-element_type=\"widget\" data-e-type=\"widget\" data-settings=\"{&quot;video_type&quot;:&quot;hosted&quot;,&quot;controls&quot;:&quot;yes&quot;}\" data-widget_type=\"video.default\">\n\t\t\t\t\t\t\t<div class=\"e-hosted-video elementor-wrapper elementor-open-inline\">\n\t\t\t\t\t<video class=\"elementor-video\" src=\"https:\/\/arteirascomunicacao.com.br\/wp-content\/uploads\/2025\/10\/Conectando-pessoas-e-negocios-desde-1995.mp4\" controls=\"\" preload=\"auto\" controlslist=\"nodownload\"><\/video>\n\t\t\t\t<\/div>\n\t\t\t\t\t\t<\/div>\n\t\t\t\t\t<\/div>\n\t\t<\/div>\n\t\t\t\t<div class=\"elementor-column elementor-col-50 elementor-top-column elementor-element elementor-element-caddb57\" data-id=\"caddb57\" data-element_type=\"column\" data-e-type=\"column\">\n\t\t\t<div class=\"elementor-widget-wrap elementor-element-populated\">\n\t\t\t\t\t\t<div class=\"elementor-element elementor-element-44e53a4 elementor-widget elementor-widget-heading\" data-id=\"44e53a4\" data-element_type=\"widget\" data-e-type=\"widget\" data-widget_type=\"heading.default\">\n\t\t\t\t\t<h2 class=\"elementor-heading-title elementor-size-default\">Sobre a Arteiras Comunica\u00e7\u00e3o<\/h2>\t\t\t\t<\/div>\n\t\t\t\t<div class=\"elementor-element elementor-element-61c70cd elementor-widget elementor-widget-text-editor\" data-id=\"61c70cd\" data-element_type=\"widget\" data-e-type=\"widget\" data-widget_type=\"text-editor.default\">\n\t\t\t\t\t\t\t\t\t<p>A Arteiras Comunica\u00e7\u00e3o, fundada em 1995, atua de forma integrada \u00e0 estrat\u00e9gia de marketing das empresas, entidades de classe, produtos e servi\u00e7os planejando a comunica\u00e7\u00e3o institucional, integrada e adequada ao desenvolvimento e posicionamento de marcas, imagens e projetos comerciais.<\/p><p>Reunimos uma equipe especializada no planejamento e desenvolvimento das mais modernas estrat\u00e9gias de comunica\u00e7\u00e3o.<\/p><p>Nosso foco \u00e9 produzir e entregar conte\u00fados de comunica\u00e7\u00e3o 360\u00ba, onde buscamos integrar os mais variados canais de m\u00eddia dispon\u00edveis, possibilitando aos nossos clientes a intera\u00e7\u00e3o com seus diferentes p\u00fablicos, sejam eles internos ou externos.<\/p>\t\t\t\t\t\t\t\t<\/div>\n\t\t\t\t\t<\/div>\n\t\t<\/div>\n\t\t\t\t\t<\/div>\n\t\t<\/section>\n\t\t\t\t<section class=\"elementor-section elementor-top-section elementor-element elementor-element-99260d9 elementor-section-boxed elementor-section-height-default elementor-section-height-default\" data-id=\"99260d9\" data-element_type=\"section\" data-e-type=\"section\">\n\t\t\t\t\t\t<div class=\"elementor-container elementor-column-gap-default\">\n\t\t\t\t\t<div class=\"elementor-column elementor-col-100 elementor-top-column elementor-element elementor-element-2f5449c\" data-id=\"2f5449c\" data-element_type=\"column\" data-e-type=\"column\">\n\t\t\t<div class=\"elementor-widget-wrap elementor-element-populated\">\n\t\t\t\t\t\t<div class=\"elementor-element elementor-element-4f2103a elementor-widget elementor-widget-text-editor\" data-id=\"4f2103a\" data-element_type=\"widget\" data-e-type=\"widget\" data-widget_type=\"text-editor.default\">\n\t\t\t\t\t\t\t\t\t<p>Valorizamos os canais off line, como publica\u00e7\u00f5es e ve\u00edculos da imprensa, assim como o ambiente digital, como sites, redes sociais \u2013 Facebook, LinkedIn, Instagram, YouTube, WhatsApp \u2013, entre outras plataformas.<\/p><p>Produzimos conte\u00fado em textos, posts, v\u00eddeos e podcasts, sempre comprometidos com a credibilidade e a agilidade como \u201cfontes\u201d de informa\u00e7\u00e3o.<\/p>\t\t\t\t\t\t\t\t<\/div>\n\t\t\t\t\t<\/div>\n\t\t<\/div>\n\t\t\t\t\t<\/div>\n\t\t<\/section>\n\t\t\t\t<\/div>","protected":false},"excerpt":{"rendered":"<p>Institucional https:\/\/arteirascomunicacao.com.br\/wp-content\/uploads\/2025\/10\/Conectando-pessoas-e-negocios-desde-1995.mp4 Sobre a Arteiras Comunica\u00e7\u00e3o A Arteiras Comunica\u00e7\u00e3o, fundada em 1995, atua de forma integrada \u00e0 estrat\u00e9gia de marketing das empresas, entidades de classe, produtos e servi\u00e7os planejando a comunica\u00e7\u00e3o institucional, integrada e adequada ao desenvolvimento e posicionamento de marcas, imagens e projetos comerciais. Reunimos uma equipe especializada no planejamento e desenvolvimento das mais [&hellip;]<\/p>","protected":false},"author":1,"featured_media":0,"parent":0,"menu_order":0,"comment_status":"closed","ping_status":"closed","template":"","meta":{"footnotes":""},"class_list":["post-531","page","type-page","status-publish","hentry"],"yoast_head":"<!-- This site is optimized with the Yoast SEO plugin v27.2 - https:\/\/yoast.com\/product\/yoast-seo-wordpress\/ -->\n<title>Institucional - Arteiras Comunica\u00e7\u00e3o<\/title>\n<meta name=\"description\" content=\"Nosso foco \u00e9 produzir e entregar conte\u00fados de comunica\u00e7\u00e3o 360\u00ba, onde buscamos integrar os mais variados canais de m\u00eddia dispon\u00edveis, possibilitando aos nossos clientes a intera\u00e7\u00e3o com seus diferentes p\u00fablicos, sejam eles internos ou externos.\" \/>\n<meta name=\"robots\" content=\"index, follow, max-snippet:-1, max-image-preview:large, max-video-preview:-1\" \/>\n<link rel=\"canonical\" href=\"https:\/\/arteirascomunicacao.com.br\/en\/institucional\/\" \/>\n<meta property=\"og:locale\" content=\"en_US\" \/>\n<meta property=\"og:type\" content=\"article\" \/>\n<meta property=\"og:title\" content=\"Institucional - Arteiras Comunica\u00e7\u00e3o\" \/>\n<meta property=\"og:description\" content=\"Nosso foco \u00e9 produzir e entregar conte\u00fados de comunica\u00e7\u00e3o 360\u00ba, onde buscamos integrar os mais variados canais de m\u00eddia dispon\u00edveis, possibilitando aos nossos clientes a intera\u00e7\u00e3o com seus diferentes p\u00fablicos, sejam eles internos ou externos.\" \/>\n<meta property=\"og:url\" content=\"https:\/\/arteirascomunicacao.com.br\/en\/institucional\/\" \/>\n<meta property=\"og:site_name\" content=\"Arteiras Comunica\u00e7\u00e3o\" \/>\n<meta property=\"article:modified_time\" content=\"2025-10-17T13:27:12+00:00\" \/>\n<meta name=\"twitter:card\" content=\"summary_large_image\" \/>\n<meta name=\"twitter:label1\" content=\"Est. reading time\" \/>\n\t<meta name=\"twitter:data1\" content=\"1 minute\" \/>\n<script type=\"application\/ld+json\" class=\"yoast-schema-graph\">{\"@context\":\"https:\/\/schema.org\",\"@graph\":[{\"@type\":\"WebPage\",\"@id\":\"https:\/\/arteirascomunicacao.com.br\/institucional\/\",\"url\":\"https:\/\/arteirascomunicacao.com.br\/institucional\/\",\"name\":\"Institucional - Arteiras Comunica\u00e7\u00e3o\",\"isPartOf\":{\"@id\":\"https:\/\/arteirascomunicacao.com.br\/#website\"},\"datePublished\":\"2019-06-23T19:41:01+00:00\",\"dateModified\":\"2025-10-17T13:27:12+00:00\",\"description\":\"Nosso foco \u00e9 produzir e entregar conte\u00fados de comunica\u00e7\u00e3o 360\u00ba, onde buscamos integrar os mais variados canais de m\u00eddia dispon\u00edveis, possibilitando aos nossos clientes a intera\u00e7\u00e3o com seus diferentes p\u00fablicos, sejam eles internos ou externos.\",\"breadcrumb\":{\"@id\":\"https:\/\/arteirascomunicacao.com.br\/institucional\/#breadcrumb\"},\"inLanguage\":\"en-US\",\"potentialAction\":[{\"@type\":\"ReadAction\",\"target\":[\"https:\/\/arteirascomunicacao.com.br\/institucional\/\"]}]},{\"@type\":\"BreadcrumbList\",\"@id\":\"https:\/\/arteirascomunicacao.com.br\/institucional\/#breadcrumb\",\"itemListElement\":[{\"@type\":\"ListItem\",\"position\":1,\"name\":\"In\u00edcio\",\"item\":\"https:\/\/arteirascomunicacao.com.br\/\"},{\"@type\":\"ListItem\",\"position\":2,\"name\":\"Institucional\"}]},{\"@type\":\"WebSite\",\"@id\":\"https:\/\/arteirascomunicacao.com.br\/#website\",\"url\":\"https:\/\/arteirascomunicacao.com.br\/\",\"name\":\"Arteiras Comunica\u00e7\u00e3o\",\"description\":\"Assessoria de Imprensa - RJ\",\"publisher\":{\"@id\":\"https:\/\/arteirascomunicacao.com.br\/#organization\"},\"potentialAction\":[{\"@type\":\"SearchAction\",\"target\":{\"@type\":\"EntryPoint\",\"urlTemplate\":\"https:\/\/arteirascomunicacao.com.br\/?s={search_term_string}\"},\"query-input\":{\"@type\":\"PropertyValueSpecification\",\"valueRequired\":true,\"valueName\":\"search_term_string\"}}],\"inLanguage\":\"en-US\"},{\"@type\":\"Organization\",\"@id\":\"https:\/\/arteirascomunicacao.com.br\/#organization\",\"name\":\"Arteiras Comunica\u00e7\u00e3o\",\"url\":\"https:\/\/arteirascomunicacao.com.br\/\",\"logo\":{\"@type\":\"ImageObject\",\"inLanguage\":\"en-US\",\"@id\":\"https:\/\/arteirascomunicacao.com.br\/#\/schema\/logo\/image\/\",\"url\":\"https:\/\/arteirascomunicacao.com.br\/wp-content\/uploads\/2026\/01\/Logo-horizontal-txt-preto-scaled.png\",\"contentUrl\":\"https:\/\/arteirascomunicacao.com.br\/wp-content\/uploads\/2026\/01\/Logo-horizontal-txt-preto-scaled.png\",\"width\":2560,\"height\":644,\"caption\":\"Arteiras Comunica\u00e7\u00e3o\"},\"image\":{\"@id\":\"https:\/\/arteirascomunicacao.com.br\/#\/schema\/logo\/image\/\"}}]}<\/script>\n<!-- \/ Yoast SEO plugin. -->","yoast_head_json":{"title":"Institucional - Arteiras Comunica\u00e7\u00e3o","description":"Nosso foco \u00e9 produzir e entregar conte\u00fados de comunica\u00e7\u00e3o 360\u00ba, onde buscamos integrar os mais variados canais de m\u00eddia dispon\u00edveis, possibilitando aos nossos clientes a intera\u00e7\u00e3o com seus diferentes p\u00fablicos, sejam eles internos ou externos.","robots":{"index":"index","follow":"follow","max-snippet":"max-snippet:-1","max-image-preview":"max-image-preview:large","max-video-preview":"max-video-preview:-1"},"canonical":"https:\/\/arteirascomunicacao.com.br\/en\/institucional\/","og_locale":"en_US","og_type":"article","og_title":"Institucional - Arteiras Comunica\u00e7\u00e3o","og_description":"Nosso foco \u00e9 produzir e entregar conte\u00fados de comunica\u00e7\u00e3o 360\u00ba, onde buscamos integrar os mais variados canais de m\u00eddia dispon\u00edveis, possibilitando aos nossos clientes a intera\u00e7\u00e3o com seus diferentes p\u00fablicos, sejam eles internos ou externos.","og_url":"https:\/\/arteirascomunicacao.com.br\/en\/institucional\/","og_site_name":"Arteiras Comunica\u00e7\u00e3o","article_modified_time":"2025-10-17T13:27:12+00:00","twitter_card":"summary_large_image","twitter_misc":{"Est. reading time":"1 minute"},"schema":{"@context":"https:\/\/schema.org","@graph":[{"@type":"WebPage","@id":"https:\/\/arteirascomunicacao.com.br\/institucional\/","url":"https:\/\/arteirascomunicacao.com.br\/institucional\/","name":"Institucional - Arteiras Comunica\u00e7\u00e3o","isPartOf":{"@id":"https:\/\/arteirascomunicacao.com.br\/#website"},"datePublished":"2019-06-23T19:41:01+00:00","dateModified":"2025-10-17T13:27:12+00:00","description":"Nosso foco \u00e9 produzir e entregar conte\u00fados de comunica\u00e7\u00e3o 360\u00ba, onde buscamos integrar os mais variados canais de m\u00eddia dispon\u00edveis, possibilitando aos nossos clientes a intera\u00e7\u00e3o com seus diferentes p\u00fablicos, sejam eles internos ou externos.","breadcrumb":{"@id":"https:\/\/arteirascomunicacao.com.br\/institucional\/#breadcrumb"},"inLanguage":"en-US","potentialAction":[{"@type":"ReadAction","target":["https:\/\/arteirascomunicacao.com.br\/institucional\/"]}]},{"@type":"BreadcrumbList","@id":"https:\/\/arteirascomunicacao.com.br\/institucional\/#breadcrumb","itemListElement":[{"@type":"ListItem","position":1,"name":"In\u00edcio","item":"https:\/\/arteirascomunicacao.com.br\/"},{"@type":"ListItem","position":2,"name":"Institucional"}]},{"@type":"WebSite","@id":"https:\/\/arteirascomunicacao.com.br\/#website","url":"https:\/\/arteirascomunicacao.com.br\/","name":"Arteiras Comunica\u00e7\u00e3o","description":"Assessoria de Imprensa - RJ","publisher":{"@id":"https:\/\/arteirascomunicacao.com.br\/#organization"},"potentialAction":[{"@type":"SearchAction","target":{"@type":"EntryPoint","urlTemplate":"https:\/\/arteirascomunicacao.com.br\/?s={search_term_string}"},"query-input":{"@type":"PropertyValueSpecification","valueRequired":true,"valueName":"search_term_string"}}],"inLanguage":"en-US"},{"@type":"Organization","@id":"https:\/\/arteirascomunicacao.com.br\/#organization","name":"Arteiras Comunica\u00e7\u00e3o","url":"https:\/\/arteirascomunicacao.com.br\/","logo":{"@type":"ImageObject","inLanguage":"en-US","@id":"https:\/\/arteirascomunicacao.com.br\/#\/schema\/logo\/image\/","url":"https:\/\/arteirascomunicacao.com.br\/wp-content\/uploads\/2026\/01\/Logo-horizontal-txt-preto-scaled.png","contentUrl":"https:\/\/arteirascomunicacao.com.br\/wp-content\/uploads\/2026\/01\/Logo-horizontal-txt-preto-scaled.png","width":2560,"height":644,"caption":"Arteiras Comunica\u00e7\u00e3o"},"image":{"@id":"https:\/\/arteirascomunicacao.com.br\/#\/schema\/logo\/image\/"}}]}},"amp_enabled":true,"_links":{"self":[{"href":"https:\/\/arteirascomunicacao.com.br\/en\/wp-json\/wp\/v2\/pages\/531","targetHints":{"allow":["GET"]}}],"collection":[{"href":"https:\/\/arteirascomunicacao.com.br\/en\/wp-json\/wp\/v2\/pages"}],"about":[{"href":"https:\/\/arteirascomunicacao.com.br\/en\/wp-json\/wp\/v2\/types\/page"}],"author":[{"embeddable":true,"href":"https:\/\/arteirascomunicacao.com.br\/en\/wp-json\/wp\/v2\/users\/1"}],"replies":[{"embeddable":true,"href":"https:\/\/arteirascomunicacao.com.br\/en\/wp-json\/wp\/v2\/comments?post=531"}],"version-history":[{"count":32,"href":"https:\/\/arteirascomunicacao.com.br\/en\/wp-json\/wp\/v2\/pages\/531\/revisions"}],"predecessor-version":[{"id":20880,"href":"https:\/\/arteirascomunicacao.com.br\/en\/wp-json\/wp\/v2\/pages\/531\/revisions\/20880"}],"wp:attachment":[{"href":"https:\/\/arteirascomunicacao.com.br\/en\/wp-json\/wp\/v2\/media?parent=531"}],"curies":[{"name":"wp","href":"https:\/\/api.w.org\/{rel}","templated":true}]}}